{"id":2410,"date":"2024-11-20T03:21:39","date_gmt":"2024-11-20T01:21:39","guid":{"rendered":"https:\/\/tvd.ro\/eurocarta\/?page_id=2410"},"modified":"2024-11-20T03:22:05","modified_gmt":"2024-11-20T01:22:05","slug":"politica-de-utilizare-cookie-uri","status":"publish","type":"page","link":"https:\/\/tvd.ro\/eurocarta\/politica-de-utilizare-cookie-uri\/","title":{"rendered":"Politica de utilizare Cookie-uri"},"content":{"rendered":"\t\t<div data-elementor-type=\"wp-page\" data-elementor-id=\"2410\" class=\"elementor elementor-2410\">\n\t\t\t\t<div class=\"elementor-element elementor-element-f806736 e-grid e-con-boxed e-con e-parent\" data-id=\"f806736\" data-element_type=\"container\">\n\t\t\t\t\t<div class=\"e-con-inner\">\n\t\t\t\t<div class=\"elementor-element elementor-element-765c416 elementor-widget elementor-widget-text-editor\" data-id=\"765c416\" data-element_type=\"widget\" data-widget_type=\"text-editor.default\">\n\t\t\t\t<div class=\"elementor-widget-container\">\n\t\t\t\t\t\t\t<div class=\"elementor-element elementor-element-01ffdaa elementor-widget elementor-widget-text-editor\" data-id=\"01ffdaa\" data-element_type=\"widget\" data-widget_type=\"text-editor.default\"><div class=\"elementor-widget-container\"><p>Informa\u021biile prezentate \u00een continuare au scopul de a aduce la cuno\u0219tin\u021b\u0103 utilizatorului mai multe detalii despre plasarea, folosirea \u0219i administrarea \u201ccookie\u201d-urilor utilizate de website-ul nostru.<\/p><p><br \/><strong>1. Generalit\u0103\u021bi despre cookie-uri<\/strong><br \/>Un cookie este un fi\u0219ier text de mici dimensiuni, format \u00een general din identificatori, litere \u0219i numere, care este stocat pe orice terminal cu acces la internet (computer, telefon mobil, tablet\u0103 etc.) \u0219i este instalat prin solicitare emis\u0103 de c\u0103tre un web-server unui browser web (ex: Internet Explorer, Chrome, Firefox, Opera, etc. Cookie-ul permite re\u021binerea modului \u00een care naviga\u021bi pe website, a set\u0103rilor \u0219i a preferin\u021belor pentru a oferi o mai bun\u0103 experien\u021b\u0103 online.), dar nu poate accesa alte informa\u021b\u00eei aflate \u00een terminalul respectiv. Folosiri tipice ale cookie-urilor sunt autentificarea, urm\u0103rirea comportamentului utilizatorului sau implementarea sistemului de \u201cco\u0219 de cump\u0103r\u0103turi\u201d. Utilizatorul poate permite sau nu instalarea prin stocare pe terminalul folosit de acesta. Fi\u0219ierul cookie este \u201cpasiv\u201d (nu con\u021bine programe software, viru\u0219i, spyware sau malware \u0219i nu poate accesa informa\u021biile de pe hard disk-ul utilizatorului). Durata de existen\u021ba a acestuia este determinat\u0103, put\u00e2nd fi accesat din nou de web-server \u00een momentul \u00een care un utilizator se \u00eentoarce pe website-ul asociat web-server-ului respectiv.<\/p><p><br \/>Clasificarea cookie-urilor<br \/>\u00cen func\u021bie de durata de existen\u021ba a cookie-ului, acestea pot fi:<br \/>Cookie-uri de sesiune \u2013 acestea sunt stocate temporar \u00een istoricul browser-ului, limitat\u0103 doar la durata sesiunii \u00een care vizitatorul acceseaz\u0103 site-ul.<br \/>Cookie-uri persistente \u2013 acestea sunt stocate, \u00een func\u021bie de durata prestabilit\u0103, pe hard-drive-ul unui computer sau echipament. Cookie-urile persistente le includ \u0219i pe cele plasate de un alt website dec\u00e2t cel pe care \u00eel viziteaz\u0103 utilizatorul la momentul respectiv \u2013 cunoscute sub numele de \u201cthird party cookies\u201d \u2013 care pot fi folosite \u00een mod anonim pentru a memora interesele unui utilizator, astfel \u00eenc\u00e2t s\u0103 \u00eei fie livrat con\u021binut c\u00e2t mai relevant (ex. Google Analytics, YouTube, Facebook, etc.).<\/p><p><br \/><strong>2. Avantajele folosirii cookie-urilor<\/strong><br \/>Aceste fi\u0219iere fac posibil\u0103 recunoa\u0219terea terminalului utilizatorului \u0219i prezentarea c\u0103tre acesta a unui con\u021binut adaptat preferin\u021belor sale, oferind o experien\u021b\u0103 pl\u0103cut\u0103 de navigare. Cookies sunt utilizate \u00een preg\u0103tirea unor statistici anonime agregate care ne ajut\u0103 s\u0103 \u00een\u021belegem modul \u00een care un utilizator beneficiaz\u0103 de paginile noastre web, permi\u021b\u00e2ndu-ne \u00eembun\u0103t\u0103\u021birea structurii \u0219i con\u021binutului acestora.<\/p><p><br \/><strong>3. Cookie-uri folosite<\/strong><br \/>Acest website folose\u0219te cookie-uri proprii \u0219i de la ter\u021bi pentru a furniza vizitatorilor o experien\u021b\u0103 mult mai bun\u0103 de navigare.<br \/>Scopurile folosirii cookie-urilor:<\/p><p><br \/>pentru a ne asigura c\u0103 po\u021bi folosi website-ul nostru corect \u0219i eficient.<br \/>pentru a stoca preferin\u021bele dumneavoastr\u0103 atunci c\u00e2nd accesa\u021bi pe website-ul nostru, precum \u0219i pentru a va bucur\u0103 de anumite func\u021bionalit\u0103\u021bi.<br \/>pentru informa\u021b\u00eei referitoare la trafic (proprii sau furnizate de o ter\u021b\u0103 parte) \u2013 De fiecare dat\u0103 c\u00e2nd un utilizator viziteaz\u0103 acest website, softul de analiz\u0103 furnizat de o ter\u021b\u0103 parte (Google Analytics) genereaz\u0103 unul sau mai multe cookie-uri de analiz\u0103 a utilizatorului. Acest cookie-uri ne spun dac\u0103 a\u021bi mai vizitat acest site p\u00e2n\u0103 acum, din ce \u021bar\u0103 proveni\u021bi, care pagini v-au atras interesul, etc. Aceste cookie-uri nu pot fi folosite pentru a identifica persoanele, ele sunt folosite doar \u00een scop statistic.<\/p><p><br \/><strong>4. Securitate \u0219i confiden\u021bialitate<\/strong><br \/>Cookie-urile sunt doar mici fi\u0219iere text, nu sunt compilate sub form\u0103 de cod, nu pot fi executate \u0219i nu pot auto-rula. Astfel, nu se pot auto-copia, nu se pot r\u0103sp\u00e2ndi \u00een alte re\u021bele pentru a genera ac\u021biuni \u0219i nu pot fi folosite pentru r\u0103sp\u00e2ndirea de viru\u0219i.<br \/>Cookie-urile nu pot caut\u0103 informa\u021b\u00eei \u00een calculatorul\/dispozitivul utilizatorului, \u00eens\u0103 ele stocheaz\u0103 informa\u021b\u00eei de natur\u0103 personal\u0103.<br \/>Aceste informa\u021b\u00eei nu sunt generate de c\u0103tre cookie-uri, ci de c\u0103tre utilizator, \u00een momentul \u00een care acesta completeaz\u0103 formulare online, se inregistreaz\u0103 pe anumite site-uri web, utilizeaz\u0103 sisteme de pl\u0103ti electronice etc.<br \/>\u00cen cele mai multe cazuri, cookies nu identifica \u00een mod direct utilizatorii de Internet, ci terminalul de pe care ace\u0219tia au accesat anumite pagini web. Aceste date sunt criptate \u00eentr-un mod care nu permite accesul neautorizat al ter\u021bilor.<br \/>Cookie-urile care, din punct de vedere tehnic, nu sunt obligatorii a fi stocate pe terminalul utilizatorului, vor fi folosite doar dac\u0103 utilizatorul \u00ee\u0219i exprim\u0103 consim\u021b\u0103m\u00e2ntul \u00een leg\u0103tur\u0103 cu acestea. Utilizatorul \u00ee\u0219i poate retrage consim\u021b\u0103m\u00e2ntul \u00een orice moment prin modificarea set\u0103rilor aferente browser-ului utilizat. Blocarea anumitor cookie-uri poate \u00eempiedica afi\u0219area corect\u0103 a unor pagini ale website-ului vizitat sau este posibil s\u0103 primi\u021bi o notificare prin care sunte\u021bi informat c\u0103 trebuie s\u0103 permite\u021bi accesul unui anumit modul cookie pentru a vizualiza corect structura site-ului respectiv.<\/p><p><br \/>Pentru modificarea set\u0103rilor browser-ului dumneavoastr\u0103 privind activarea\/dezactivarea cookie-urilor:<br \/><a class=\"cookielink\" href=\"https:\/\/support.google.com\/accounts\/answer\/61416?co=GENIE.Platform%3DDesktop&amp;hl=en\" target=\"_blank\" rel=\"noopener noreferrer\" data-magic-cursor=\"link-small\">Google Chrome<\/a><br \/><a class=\"cookielink\" href=\"https:\/\/support.mozilla.org\/en-US\/kb\/enable-and-disable-cookies-website-preferences\" target=\"_blank\" rel=\"noopener noreferrer\" data-magic-cursor=\"link-small\">Mozilla Firefox<\/a><br \/><a class=\"cookielink\" href=\"https:\/\/privacy.microsoft.com\/en-us\/windows-10-microsoft-edge-and-privacy\" target=\"_blank\" rel=\"noopener noreferrer\" data-magic-cursor=\"link-small\">Microsoft Edge<\/a><br \/><a class=\"cookielink\" href=\"https:\/\/support.microsoft.com\/en-gb\/help\/17442\/windows-internet-explorer-delete-manage-cookies\" target=\"_blank\" rel=\"noopener noreferrer\" data-magic-cursor=\"link-small\">Microsoft Internet Explorer<\/a><br \/><a class=\"cookielink\" href=\"https:\/\/www.opera.com\/help\/tutorials\/security\/privacy\/\" target=\"_blank\" rel=\"noopener noreferrer\" data-magic-cursor=\"link-small\">Opera<\/a><br \/><a class=\"cookielink\" href=\"https:\/\/support.apple.com\/kb\/ph21411?locale=en_US\" target=\"_blank\" rel=\"noopener noreferrer\" data-magic-cursor=\"link-small\">Apple Safari<\/a><\/p><p><br \/>\u00cen cazul \u00een care browserul nu este g\u0103sit \u00een lista de mai sus, va rug\u0103m s\u0103 vizita\u021bi site-ul dezvoltatorului respectivului browser.<\/p><p><br \/><strong>5. Link-uri utile<\/strong><br \/>Mai multe informa\u021b\u00eei despre cookie-uri \u0219i la ce sunt utilizate: <a class=\"cookielink\" href=\"http:\/\/www.allaboutcookies.org\/\" target=\"_blank\" rel=\"noopener noreferrer\" data-magic-cursor=\"link-small\">http:\/\/www.allaboutcookies.org\/<\/a><\/p><p>Mai multe detalii despre confiden\u021bialitatea online \u0219i pa\u0219\u00eei pe care trebuie s\u0103 \u00eei urma\u021bi pentru a va proteja datele personale pe internet: <a href=\"https:\/\/www.youronlinechoices.com\/ro\/\" target=\"_blank\" rel=\"noopener\">https:\/\/www.youronlinechoices.com\/ro\/<\/a><\/p><\/div><\/div>\t\t\t\t\t\t<\/div>\n\t\t\t\t<\/div>\n\t\t\t\t\t<\/div>\n\t\t\t\t<\/div>\n\t\t<div class=\"elementor-element elementor-element-5df34b46 e-con-full e-flex e-con e-parent\" data-id=\"5df34b46\" data-element_type=\"container\">\n\t\t\t\t<div class=\"elementor-element elementor-element-3b6ac1f1 elementor-widget elementor-widget-careox-call-to-action\" data-id=\"3b6ac1f1\" data-element_type=\"widget\" data-widget_type=\"careox-call-to-action.default\">\n\t\t\t\t<div class=\"elementor-widget-container\">\n\t\t\t\t<section class=\"cta-two\">\r\n\t\t<div class=\"cta-two__shape\" style=\"background-image: url(https:\/\/tvd.ro\/eurocarta\/wp-content\/uploads\/2024\/06\/cta-2-shape-1.png);\"><\/div>\r\n\t\t<div class=\"container\">\r\n\t\t\t<div class=\"row\">\r\n\t\t\t\t<div class=\"col-md-7\">\r\n\t\t\t\t\t\t\t\t\t\t\t<div class=\"sec-title text-left\">\r\n\t\t\t\t\t\t\t\t\t\t\t\t\t\t\t<h6 class=\"sec-title__tagline bw-split-in-right\"><span class=\"sec-title__tagline__border\"><\/span>VOLUNTARIAT<\/h6><!-- \/.sec-title__tagline -->\r\n\t\t\t\t\t\t\t\t\t\t\t\t\t\t\t\t\t\t\t\t\t\t<h3 class=\"sec-title__title bw-split-in-left\">Let\u2019s Make a Difference<\/h3><!-- \/.sec-title__title -->\r\n\t\t\t\t\t\t\t\t\t\t\t\t\t<\/div><!-- \/.sec-title -->\r\n\t\t\t\t\t\t\t\t\t<\/div>\r\n\t\t\t\t<div class=\"col-md-5\">\r\n\t\t\t\t\t<div class=\"cta-two__button\">\r\n\t\t\t\t\t\t<img decoding=\"async\" src=\"https:\/\/tvd.ro\/eurocarta\/wp-content\/uploads\/2024\/06\/arrow-1.png\" alt=\"alt\" title=\"arrow-1\" >\t\t\t\t\t\t\t\t\t\t\t\t\t<a href=\"https:\/\/tvd.ro\/eurocarta\/become-a-volunteer\/\"  class=\"careox-btn\"><span>Hai \u00een echipa noastr\u0103!<\/span><\/a>\r\n\t\t\t\t\t\t\t\t\t\t\t<\/div>\r\n\t\t\t\t<\/div>\r\n\t\t\t<\/div>\r\n\t\t<\/div><!-- \/.container -->\r\n\t<\/section><!-- \/.cta-two -->\r\n\t\t<\/div>\n\t\t\t\t<\/div>\n\t\t\t\t<\/div>\n\t\t\t\t<\/div>\n\t\t","protected":false},"excerpt":{"rendered":"<p>Informa\u021biile prezentate \u00een continuare au scopul de a aduce la cuno\u0219tin\u021b\u0103 utilizatorului mai multe detalii despre plasarea, folosirea \u0219i administrarea \u201ccookie\u201d-urilor utilizate de website-ul nostru. 1. Generalit\u0103\u021bi despre cookie-uriUn cookie este un fi\u0219ier text de mici dimensiuni, format \u00een general din identificatori, litere \u0219i numere, care este stocat pe orice terminal cu acces la internet [&hellip;]<\/p>\n","protected":false},"author":1,"featured_media":0,"parent":0,"menu_order":0,"comment_status":"closed","ping_status":"closed","template":"elementor_header_footer","meta":{"inline_featured_image":false,"footnotes":""},"class_list":["post-2410","page","type-page","status-publish","hentry"],"_links":{"self":[{"href":"https:\/\/tvd.ro\/eurocarta\/wp-json\/wp\/v2\/pages\/2410","targetHints":{"allow":["GET"]}}],"collection":[{"href":"https:\/\/tvd.ro\/eurocarta\/wp-json\/wp\/v2\/pages"}],"about":[{"href":"https:\/\/tvd.ro\/eurocarta\/wp-json\/wp\/v2\/types\/page"}],"author":[{"embeddable":true,"href":"https:\/\/tvd.ro\/eurocarta\/wp-json\/wp\/v2\/users\/1"}],"replies":[{"embeddable":true,"href":"https:\/\/tvd.ro\/eurocarta\/wp-json\/wp\/v2\/comments?post=2410"}],"version-history":[{"count":4,"href":"https:\/\/tvd.ro\/eurocarta\/wp-json\/wp\/v2\/pages\/2410\/revisions"}],"predecessor-version":[{"id":2415,"href":"https:\/\/tvd.ro\/eurocarta\/wp-json\/wp\/v2\/pages\/2410\/revisions\/2415"}],"wp:attachment":[{"href":"https:\/\/tvd.ro\/eurocarta\/wp-json\/wp\/v2\/media?parent=2410"}],"curies":[{"name":"wp","href":"https:\/\/api.w.org\/{rel}","templated":true}]}}