{"id":2404,"date":"2024-11-20T03:17:25","date_gmt":"2024-11-20T01:17:25","guid":{"rendered":"https:\/\/tvd.ro\/eurocarta\/?page_id=2404"},"modified":"2024-11-20T03:21:01","modified_gmt":"2024-11-20T01:21:01","slug":"politica-de-confidentialitate-si-prelucrare-a-datelor-personale","status":"publish","type":"page","link":"https:\/\/tvd.ro\/eurocarta\/politica-de-confidentialitate-si-prelucrare-a-datelor-personale\/","title":{"rendered":"Politica de confiden\u021bialitate \u0219i prelucrare a datelor personale"},"content":{"rendered":"\t\t<div data-elementor-type=\"wp-page\" data-elementor-id=\"2404\" class=\"elementor elementor-2404\">\n\t\t\t\t<div class=\"elementor-element elementor-element-f806736 e-grid e-con-boxed e-con e-parent\" data-id=\"f806736\" data-element_type=\"container\">\n\t\t\t\t\t<div class=\"e-con-inner\">\n\t\t\t\t<div class=\"elementor-element elementor-element-765c416 elementor-widget elementor-widget-text-editor\" data-id=\"765c416\" data-element_type=\"widget\" data-widget_type=\"text-editor.default\">\n\t\t\t\t<div class=\"elementor-widget-container\">\n\t\t\t\t\t\t\t<div class=\"elementor-element elementor-element-01ffdaa elementor-widget elementor-widget-text-editor\" data-id=\"01ffdaa\" data-element_type=\"widget\" data-widget_type=\"text-editor.default\"><div class=\"elementor-widget-container\"><p>\u00cen conformitate cu prevederile Regulamentului European nr. 2016\/679 privind protec\u021bia persoanelor fizice \u00een ceea ce prive\u0219te prelucrarea datelor cu caracter personal \u0219i liber\u0103 circula\u021bie a acestor date ( GDPR), dispune\u021bi de urm\u0103toarele drepturi: dreptul de informare, dreptul de acces, dreptul la rectificare, dreptul la opozi\u021bie, dreptul de a nu fi supus unei decizii individuale, dreptul la restric\u021bionarea prelucr\u0103rii, dreptul la \u0219tergerea datelor (\u201cdreptul de a fi uitat\u201d), dreptul la portabilitatea datelor, folosind datele de contact specificate \u00een pagin\u0103 de contact.<br \/>De asemenea, ave\u021bi dreptul de a va adresa autorit\u0103\u021bii competen\u021be \u00een materia protec\u021biei datelor cu caracter personal (ANSPDCP \u2013 Autoritatea Na\u021bional\u0103 pentru Supravegherea \u0219i Protec\u021bia Datelor cu Caracter Personal), \u00een cazul \u00een care aprecia\u021bi c\u0103 vi s-au \u00eenc\u0103lcat drepturile prev\u0103zute de Legea nr. 677\/2001.<\/p><p>\u00a0<\/p><p>Acces\u00e2nd website-ul nostru \u0219i oferindu-ne orice informa\u021bie cu caracter personal, va da\u021bi consim\u021b\u0103m\u00e2ntul c\u0103 toate datele cu caracter personal (nume, prenume, num\u0103r de telefon, adresa, e-mail) pe care ni le furniza\u021bi, s\u0103 fie prelucrate de noi \u00een modul \u0219i \u00een scopurile descrise \u00een continuare \u00een aceast\u0103 politic\u0103 de confiden\u021bialitate \u0219i \u00een conformitate cu legile \u0219i regulamentele \u00een vigoare, privind datele personale.<\/p><p>\u00a0<\/p><p><strong>Consim\u021b\u0103m\u00e2nt<\/strong><br \/>Acordul dumneavoastr\u0103 va fi solicitat \u00een momentul complet\u0103rii unui formular pe website-ul nostru. F\u0103r\u0103 acordul dumneavoastr\u0103, informa\u021biile personale pot fi colectate \u0219i prelucrate \u00een cazurile stabilite de lege. Va prelucr\u0103m informa\u021biile personale doar \u00een baza acordului dumneavoastr\u0103 dat \u00een mod liber prin declararea informa\u021biilor dumneavoastr\u0103 personale \u00een momentul utiliz\u0103rii formularului de contact.<\/p><p>\u00a0<\/p><p><strong>Date sensibile<\/strong><br \/>Nu colect\u0103m informa\u021bii care \u021bi-ar putea dezv\u0103lui originea rasial\u0103 sau etnic\u0103, s\u0103n\u0103tatea fizic\u0103 sau mental\u0103, convingerile religioase sau presupuse comiteri de infrac\u021biuni sau condamn\u0103ri pentru infrac\u021biuni. Conform articolului 9 din Regulamentul (CE) 5419\/16, aceste informa\u021bii sunt considerate \u201edate sensibile cu caracter personal\u201d.<\/p><p>\u00a0<\/p><p><strong>Ce date colect\u0103m \u0219i \u00een ce scop<\/strong><br \/>Folosim datele dumneavoastr\u0103 personale \u00een scopurile \u00eembun\u0103t\u0103\u021birii serviciilor adresate clien\u021bilor, inclusiv pentru a r\u0103spunde \u00eentreb\u0103rilor dumneavoastr\u0103. Acest lucru implic\u0103, de regul\u0103, utilizarea unor anumite informa\u021bii personale de contact cu privire la motivul \u00eentreb\u0103rii dumneavoastr\u0103 (de exemplu, rezerv\u0103ri, informa\u021bii turistice, \u00eentreb\u0103ri despre servicii, reclama\u021bii, \u00eentreb\u0103ri generale etc.)<br \/>Cu acordul dumneavoastr\u0103, folosim datele personale pentru a va oferi informa\u021bii despre produse sau servicii (de exemplu, comunic\u0103ri sau campanii de marketing, promo\u021bii).<br \/>Folosim, de asemenea, instrumente de analiz\u0103 a website-ului web (de exemplu Google Analytics) pentru a colecta informa\u021bii de marketing cu privire la frecven\u021ba vizit\u0103rii website-ului nostru, cuvintele cheie utilizate pentru a g\u0103\u0219i website-ul nostru \u0219i paginile vizualizate pe website-ul nostru.<br \/>Putem colecta anumite informa\u021bii standard cum ar fi adresa IP, tipul de browser \u0219i limba utilizat\u0103, timpii de acces \u0219i adresele accesate pe website, strict \u00een scop statistic.<\/p><p>\u00a0<\/p><p><strong>Prelucrarea informa\u021biilor personale<\/strong><br \/>Memor\u0103m informa\u021biile personale colectate \u00een format electronic \u0219i utiliz\u0103m proceduri corespunz\u0103toare de protec\u021bie, pentru a \u00eempiedic\u0103 accesarea datelor personale de c\u0103tre persoane neautorizate. Informa\u021biile personale pe care ni le-a\u021bi pus la dispozi\u021bie prin completarea formularului de contact, vor fi memorate p\u00e2n\u0103 la \u00eenaintarea unei solicit\u0103ri de \u0219tergere a datelor, din partea dumneavoastr\u0103.<\/p><p>\u00a0<\/p><p><strong>Accesul dumneavoastr\u0103 la informa\u021biile personale<\/strong><br \/>Sunte\u021bi autoriza\u021bi s\u0103 solicit\u0103\u021bi \u00een orice moment o notificare cu privire la ce informa\u021bii personale avem memorate \u00een baza de date \u0219i s\u0103 solicita\u021bi modificarea sau \u0219tergerea tuturor sau a unora din informa\u021biile dumneavoastr\u0103 personale.<br \/>Informa\u021biile dumneavoastr\u0103 personale nu vor fi trimise altor destinatari dec\u00e2t dac\u0103 ne autoriza\u021bi \u00een acest sens.<\/p><p>\u00a0<\/p><p><strong>Dezabonare<\/strong><br \/>Pute\u021bi trimite o notificare cu solicitarea dumneavoastr\u0103 la adresa contact@can.ro. \u00cen cazul \u00een care face\u021bi o asemenea cerere, vom solicit\u0103 confirmarea identit\u0103\u021bii pentru a preveni prelucrarea neautorizat\u0103 a informa\u021biilor dumneavoastr\u0103 personale.<\/p><\/div><\/div>\t\t\t\t\t\t<\/div>\n\t\t\t\t<\/div>\n\t\t\t\t\t<\/div>\n\t\t\t\t<\/div>\n\t\t<div class=\"elementor-element elementor-element-5df34b46 e-con-full e-flex e-con e-parent\" data-id=\"5df34b46\" data-element_type=\"container\">\n\t\t\t\t<div class=\"elementor-element elementor-element-3b6ac1f1 elementor-widget elementor-widget-careox-call-to-action\" data-id=\"3b6ac1f1\" data-element_type=\"widget\" data-widget_type=\"careox-call-to-action.default\">\n\t\t\t\t<div class=\"elementor-widget-container\">\n\t\t\t\t<section class=\"cta-two\">\r\n\t\t<div class=\"cta-two__shape\" style=\"background-image: url(https:\/\/tvd.ro\/eurocarta\/wp-content\/uploads\/2024\/06\/cta-2-shape-1.png);\"><\/div>\r\n\t\t<div class=\"container\">\r\n\t\t\t<div class=\"row\">\r\n\t\t\t\t<div class=\"col-md-7\">\r\n\t\t\t\t\t\t\t\t\t\t\t<div class=\"sec-title text-left\">\r\n\t\t\t\t\t\t\t\t\t\t\t\t\t\t\t<h6 class=\"sec-title__tagline bw-split-in-right\"><span class=\"sec-title__tagline__border\"><\/span>VOLUNTARIAT<\/h6><!-- \/.sec-title__tagline -->\r\n\t\t\t\t\t\t\t\t\t\t\t\t\t\t\t\t\t\t\t\t\t\t<h3 class=\"sec-title__title bw-split-in-left\">Let\u2019s Make a Difference<\/h3><!-- \/.sec-title__title -->\r\n\t\t\t\t\t\t\t\t\t\t\t\t\t<\/div><!-- \/.sec-title -->\r\n\t\t\t\t\t\t\t\t\t<\/div>\r\n\t\t\t\t<div class=\"col-md-5\">\r\n\t\t\t\t\t<div class=\"cta-two__button\">\r\n\t\t\t\t\t\t<img decoding=\"async\" src=\"https:\/\/tvd.ro\/eurocarta\/wp-content\/uploads\/2024\/06\/arrow-1.png\" alt=\"alt\" title=\"arrow-1\" >\t\t\t\t\t\t\t\t\t\t\t\t\t<a href=\"https:\/\/tvd.ro\/eurocarta\/become-a-volunteer\/\"  class=\"careox-btn\"><span>Hai \u00een echipa noastr\u0103!<\/span><\/a>\r\n\t\t\t\t\t\t\t\t\t\t\t<\/div>\r\n\t\t\t\t<\/div>\r\n\t\t\t<\/div>\r\n\t\t<\/div><!-- \/.container -->\r\n\t<\/section><!-- \/.cta-two -->\r\n\t\t<\/div>\n\t\t\t\t<\/div>\n\t\t\t\t<\/div>\n\t\t\t\t<\/div>\n\t\t","protected":false},"excerpt":{"rendered":"<p>\u00cen conformitate cu prevederile Regulamentului European nr. 2016\/679 privind protec\u021bia persoanelor fizice \u00een ceea ce prive\u0219te prelucrarea datelor cu caracter personal \u0219i liber\u0103 circula\u021bie a acestor date ( GDPR), dispune\u021bi de urm\u0103toarele drepturi: dreptul de informare, dreptul de acces, dreptul la rectificare, dreptul la opozi\u021bie, dreptul de a nu fi supus unei decizii individuale, dreptul [&hellip;]<\/p>\n","protected":false},"author":1,"featured_media":0,"parent":0,"menu_order":0,"comment_status":"closed","ping_status":"closed","template":"elementor_header_footer","meta":{"inline_featured_image":false,"footnotes":""},"class_list":["post-2404","page","type-page","status-publish","hentry"],"_links":{"self":[{"href":"https:\/\/tvd.ro\/eurocarta\/wp-json\/wp\/v2\/pages\/2404","targetHints":{"allow":["GET"]}}],"collection":[{"href":"https:\/\/tvd.ro\/eurocarta\/wp-json\/wp\/v2\/pages"}],"about":[{"href":"https:\/\/tvd.ro\/eurocarta\/wp-json\/wp\/v2\/types\/page"}],"author":[{"embeddable":true,"href":"https:\/\/tvd.ro\/eurocarta\/wp-json\/wp\/v2\/users\/1"}],"replies":[{"embeddable":true,"href":"https:\/\/tvd.ro\/eurocarta\/wp-json\/wp\/v2\/comments?post=2404"}],"version-history":[{"count":4,"href":"https:\/\/tvd.ro\/eurocarta\/wp-json\/wp\/v2\/pages\/2404\/revisions"}],"predecessor-version":[{"id":2409,"href":"https:\/\/tvd.ro\/eurocarta\/wp-json\/wp\/v2\/pages\/2404\/revisions\/2409"}],"wp:attachment":[{"href":"https:\/\/tvd.ro\/eurocarta\/wp-json\/wp\/v2\/media?parent=2404"}],"curies":[{"name":"wp","href":"https:\/\/api.w.org\/{rel}","templated":true}]}}