{"id":2377,"date":"2024-11-18T02:04:55","date_gmt":"2024-11-18T00:04:55","guid":{"rendered":"https:\/\/tvd.ro\/eurocarta\/?page_id=2377"},"modified":"2024-11-18T02:17:58","modified_gmt":"2024-11-18T00:17:58","slug":"doneaza","status":"publish","type":"page","link":"https:\/\/tvd.ro\/eurocarta\/doneaza\/","title":{"rendered":"Doneaz\u0103"},"content":{"rendered":"\t\t<div data-elementor-type=\"wp-page\" data-elementor-id=\"2377\" class=\"elementor elementor-2377\">\n\t\t\t\t<div class=\"elementor-element elementor-element-3e2d6be e-con-full e-flex e-con e-parent\" data-id=\"3e2d6be\" data-element_type=\"container\">\n\t\t\t\t<div class=\"elementor-element elementor-element-9510cf0 elementor-widget elementor-widget-careox-team\" data-id=\"9510cf0\" data-element_type=\"widget\" data-widget_type=\"careox-team.default\">\n\t\t\t\t<div class=\"elementor-widget-container\">\n\t\t\t\t<section class=\"team-details\">\r\n\t\t<div class=\"container\">\r\n\t\t\t<div class=\"row gutter-y-60\">\r\n\t\t\t\t<div class=\"col-lg-5\">\r\n\t\t\t\t\t<div class=\"team-details__image\">\r\n\t\t\t\t\t\t<img decoding=\"async\" src=\"https:\/\/tvd.ro\/eurocarta\/wp-content\/uploads\/IMG_7823.jpg\" alt=\"IMG_7823\" title=\"IMG_7823\" >\t\t\t\t\t<\/div><!-- \/.team-details__image -->\r\n\t\t\t\t<\/div><!-- \/.col-lg-6 -->\r\n\t\t\t\t<div class=\"col-lg-7\">\r\n\t\t\t\t\t<div class=\"team-details__content\">\r\n\t\t\t\t\t\t<h3 class=\"team-details__title\">Dona\u021bia ta conteaz\u0103!<\/h3><!-- \/.team-details__title -->\r\n\t\t\t\t\t\t<div class=\"team-details__designation\"><\/div>\r\n\t\t\t\t\t\t<!-- \/.team-details__designation -->\r\n\t\t\t\t\t\t<div class=\"team-details__social\">\r\n\t\t\t\t\t\t\t\t\t\t\t\t\t\t\t<a href=\"https:\/\/www.facebook.com\/eurocartabrasov\"   style=\"--accent-color: #ffa415;\">\r\n\t\t\t\t\t\t\t\t\t<i aria-hidden=\"true\" class=\"fab fa-facebook-f\"><\/i>\t\t\t\t\t\t\t\t<\/a>\r\n\t\t\t\t\t\t\t\t\t\t\t\t\t<\/div><!-- \/.team-details__social -->\r\n\t\t\t\t\t\t<div class=\"team-details__text\">\r\n\t\t\t\t\t\t\t<br>\nCu ajutorul t\u0103u, mai mul\u021bi copii \u0219i tineri pot beneficia de acces la educa\u021bie \u0219i de cunoa\u0219tere aprofundat\u0103 a drepturilor \u0219i responsabilit\u0103\u021bilor lor.\n<br><br>\nCont dona\u0163ii: RO73BTRL00801205153463XX\t\t\t\t\t\t<\/div>\r\n\t\t\t\t\t\t<!-- \/.team-details__text -->\r\n\t\t\t\t\t\t<ul class=\"list-unstyled team-details__list ml-0\">\r\n\t\t\t\t\t\t\t\t\t\t\t\t\t<\/ul><!-- \/.list-unstyled team-details__list -->\r\n\t\t\t\t\t\t\t\t\t\t\t<\/div><!-- \/.team-details__content -->\r\n\r\n\t\t\t\t<\/div><!-- \/.col-lg-6 -->\r\n\t\t\t<\/div><!-- \/.row -->\r\n\t\t<\/div><!-- \/.container -->\r\n\t<\/section><!-- \/.team-details -->\r\n\t\t<\/div>\n\t\t\t\t<\/div>\n\t\t\t\t<\/div>\n\t\t<div class=\"elementor-element elementor-element-f806736 e-grid e-con-boxed e-con e-parent\" data-id=\"f806736\" data-element_type=\"container\">\n\t\t\t\t\t<div class=\"e-con-inner\">\n\t\t\t\t<div class=\"elementor-element elementor-element-4711b6f elementor-widget elementor-widget-text-editor\" data-id=\"4711b6f\" data-element_type=\"widget\" data-widget_type=\"text-editor.default\">\n\t\t\t\t<div class=\"elementor-widget-container\">\n\t\t\t\t\t\t\t<p><strong>Asocia\u021bia EUROCARTA &#8211; Asocia\u021bie pentru Integrare Europeana<\/strong><br \/>Str. 13 Decembrie Nr. 17, Bra\u0219ov<br \/>Cod de \u00cenregistrare Fiscal\u0103: 15435186<br \/>Tel.: 0723 65 60 24<br \/>E-mail: contact@can.ro<\/p><p>\u00cenfiin\u0163at\u00e3 prin decizie civil\u00e3 nr. 495\/16.05.2003 a Judec\u00e3toriei Bra\u0219ov.<br \/>Autoriza\u021bie HOT 4802\/22.04.2003, 30-1\/676L.<\/p>\t\t\t\t\t\t<\/div>\n\t\t\t\t<\/div>\n\t\t\t\t\t<\/div>\n\t\t\t\t<\/div>\n\t\t<div class=\"elementor-element elementor-element-5df34b46 e-con-full e-flex e-con e-parent\" data-id=\"5df34b46\" data-element_type=\"container\">\n\t\t\t\t<div class=\"elementor-element elementor-element-3b6ac1f1 elementor-widget elementor-widget-careox-call-to-action\" data-id=\"3b6ac1f1\" data-element_type=\"widget\" data-widget_type=\"careox-call-to-action.default\">\n\t\t\t\t<div class=\"elementor-widget-container\">\n\t\t\t\t<section class=\"cta-two\">\r\n\t\t<div class=\"cta-two__shape\" style=\"background-image: url(https:\/\/tvd.ro\/eurocarta\/wp-content\/uploads\/2024\/06\/cta-2-shape-1.png);\"><\/div>\r\n\t\t<div class=\"container\">\r\n\t\t\t<div class=\"row\">\r\n\t\t\t\t<div class=\"col-md-7\">\r\n\t\t\t\t\t\t\t\t\t\t\t<div class=\"sec-title text-left\">\r\n\t\t\t\t\t\t\t\t\t\t\t\t\t\t\t<h6 class=\"sec-title__tagline bw-split-in-right\"><span class=\"sec-title__tagline__border\"><\/span>VOLUNTARIAT<\/h6><!-- \/.sec-title__tagline -->\r\n\t\t\t\t\t\t\t\t\t\t\t\t\t\t\t\t\t\t\t\t\t\t<h3 class=\"sec-title__title bw-split-in-left\">Let\u2019s Make a Difference<\/h3><!-- \/.sec-title__title -->\r\n\t\t\t\t\t\t\t\t\t\t\t\t\t<\/div><!-- \/.sec-title -->\r\n\t\t\t\t\t\t\t\t\t<\/div>\r\n\t\t\t\t<div class=\"col-md-5\">\r\n\t\t\t\t\t<div class=\"cta-two__button\">\r\n\t\t\t\t\t\t<img decoding=\"async\" src=\"https:\/\/tvd.ro\/eurocarta\/wp-content\/uploads\/2024\/06\/arrow-1.png\" alt=\"alt\" title=\"arrow-1\" >\t\t\t\t\t\t\t\t\t\t\t\t\t<a href=\"https:\/\/tvd.ro\/eurocarta\/become-a-volunteer\/\"  class=\"careox-btn\"><span>Hai \u00een echipa noastr\u0103!<\/span><\/a>\r\n\t\t\t\t\t\t\t\t\t\t\t<\/div>\r\n\t\t\t\t<\/div>\r\n\t\t\t<\/div>\r\n\t\t<\/div><!-- \/.container -->\r\n\t<\/section><!-- \/.cta-two -->\r\n\t\t<\/div>\n\t\t\t\t<\/div>\n\t\t\t\t<\/div>\n\t\t\t\t<\/div>\n\t\t","protected":false},"excerpt":{"rendered":"<p>Dona\u021bia ta conteaz\u0103! Cu ajutorul t\u0103u, mai mul\u021bi copii \u0219i tineri pot beneficia de acces la educa\u021bie \u0219i de cunoa\u0219tere aprofundat\u0103 a drepturilor \u0219i responsabilit\u0103\u021bilor lor. Cont dona\u0163ii: RO73BTRL00801205153463XX Asocia\u021bia EUROCARTA &#8211; Asocia\u021bie pentru Integrare EuropeanaStr. 13 Decembrie Nr. 17, Bra\u0219ovCod de \u00cenregistrare Fiscal\u0103: 15435186Tel.: 0723 65 60 24E-mail: contact@can.ro \u00cenfiin\u0163at\u00e3 prin decizie civil\u00e3 nr. [&hellip;]<\/p>\n","protected":false},"author":1,"featured_media":0,"parent":0,"menu_order":0,"comment_status":"closed","ping_status":"closed","template":"elementor_header_footer","meta":{"inline_featured_image":false,"footnotes":""},"class_list":["post-2377","page","type-page","status-publish","hentry"],"_links":{"self":[{"href":"https:\/\/tvd.ro\/eurocarta\/wp-json\/wp\/v2\/pages\/2377","targetHints":{"allow":["GET"]}}],"collection":[{"href":"https:\/\/tvd.ro\/eurocarta\/wp-json\/wp\/v2\/pages"}],"about":[{"href":"https:\/\/tvd.ro\/eurocarta\/wp-json\/wp\/v2\/types\/page"}],"author":[{"embeddable":true,"href":"https:\/\/tvd.ro\/eurocarta\/wp-json\/wp\/v2\/users\/1"}],"replies":[{"embeddable":true,"href":"https:\/\/tvd.ro\/eurocarta\/wp-json\/wp\/v2\/comments?post=2377"}],"version-history":[{"count":10,"href":"https:\/\/tvd.ro\/eurocarta\/wp-json\/wp\/v2\/pages\/2377\/revisions"}],"predecessor-version":[{"id":2391,"href":"https:\/\/tvd.ro\/eurocarta\/wp-json\/wp\/v2\/pages\/2377\/revisions\/2391"}],"wp:attachment":[{"href":"https:\/\/tvd.ro\/eurocarta\/wp-json\/wp\/v2\/media?parent=2377"}],"curies":[{"name":"wp","href":"https:\/\/api.w.org\/{rel}","templated":true}]}}