{"id":2190,"date":"2024-11-12T04:45:49","date_gmt":"2024-11-12T02:45:49","guid":{"rendered":"https:\/\/tvd.ro\/eurocarta\/?page_id=2190"},"modified":"2024-11-15T03:59:10","modified_gmt":"2024-11-15T01:59:10","slug":"proiecte","status":"publish","type":"page","link":"https:\/\/tvd.ro\/eurocarta\/proiecte\/","title":{"rendered":"Proiecte"},"content":{"rendered":"\t\t<div data-elementor-type=\"wp-page\" data-elementor-id=\"2190\" class=\"elementor elementor-2190\">\n\t\t\t\t<div class=\"elementor-element elementor-element-3e2d6be e-con-full e-flex e-con e-parent\" data-id=\"3e2d6be\" data-element_type=\"container\">\n\t\t\t\t<div class=\"elementor-element elementor-element-9510cf0 elementor-widget elementor-widget-careox-team\" data-id=\"9510cf0\" data-element_type=\"widget\" data-widget_type=\"careox-team.default\">\n\t\t\t\t<div class=\"elementor-widget-container\">\n\t\t\t\t<section class=\"team-details\">\r\n\t\t<div class=\"container\">\r\n\t\t\t<div class=\"row gutter-y-60\">\r\n\t\t\t\t<div class=\"col-lg-5\">\r\n\t\t\t\t\t<div class=\"team-details__image\">\r\n\t\t\t\t\t\t<img decoding=\"async\" src=\"https:\/\/tvd.ro\/eurocarta\/wp-content\/uploads\/home_justkids.jpg\" alt=\"home_justkids\" title=\"home_justkids\" >\t\t\t\t\t<\/div><!-- \/.team-details__image -->\r\n\t\t\t\t<\/div><!-- \/.col-lg-6 -->\r\n\t\t\t\t<div class=\"col-lg-7\">\r\n\t\t\t\t\t<div class=\"team-details__content\">\r\n\t\t\t\t\t\t<h3 class=\"team-details__title\">JUSTkids<\/h3><!-- \/.team-details__title -->\r\n\t\t\t\t\t\t<div class=\"team-details__designation\"><\/div>\r\n\t\t\t\t\t\t<!-- \/.team-details__designation -->\r\n\t\t\t\t\t\t<div class=\"team-details__social\">\r\n\t\t\t\t\t\t\t\t\t\t\t\t\t\t\t<a href=\"https:\/\/www.facebook.com\/eurocartabrasov\"   style=\"--accent-color: #ffa415;\">\r\n\t\t\t\t\t\t\t\t\t<i aria-hidden=\"true\" class=\"fab fa-facebook-f\"><\/i>\t\t\t\t\t\t\t\t<\/a>\r\n\t\t\t\t\t\t\t\t\t\t\t\t\t<\/div><!-- \/.team-details__social -->\r\n\t\t\t\t\t\t<div class=\"team-details__text\">\r\n\t\t\t\t\t\t\t<br>\nProiectul de educa\u021bie juridic\u0103 - JUSTkids se adreseaz\u0103 tinerilor cu v\u00e2rste cuprinse \u00eentre 10-18 ani, din Municipiul Bra\u0219ov.\n<br>\nEduca\u021bia juridic\u0103 reprezint\u0103 o component\u0103 important\u0103 a \u00eenv\u0103\u021b\u0103m\u00e2ntului. Aceasta acoper\u0103 subiecte precum drepturile civile, penale \u0219i constitu\u021bionale, procesele judiciare \u0219i responsabilit\u0103\u021bile cet\u0103\u021bene\u0219ti.\t\t\t\t\t\t<\/div>\r\n\t\t\t\t\t\t<!-- \/.team-details__text -->\r\n\t\t\t\t\t\t<ul class=\"list-unstyled team-details__list ml-0\">\r\n\t\t\t\t\t\t\t\t\t\t\t\t\t<\/ul><!-- \/.list-unstyled team-details__list -->\r\n\t\t\t\t\t\t\t\t\t\t\t<\/div><!-- \/.team-details__content -->\r\n\r\n\t\t\t\t<\/div><!-- \/.col-lg-6 -->\r\n\t\t\t<\/div><!-- \/.row -->\r\n\t\t<\/div><!-- \/.container -->\r\n\t<\/section><!-- \/.team-details -->\r\n\t\t<\/div>\n\t\t\t\t<\/div>\n\t\t\t\t<\/div>\n\t\t<div class=\"elementor-element elementor-element-f806736 e-grid e-con-boxed e-con e-parent\" data-id=\"f806736\" data-element_type=\"container\">\n\t\t\t\t\t<div class=\"e-con-inner\">\n\t\t\t\t<div class=\"elementor-element elementor-element-765c416 elementor-widget elementor-widget-text-editor\" data-id=\"765c416\" data-element_type=\"widget\" data-widget_type=\"text-editor.default\">\n\t\t\t\t<div class=\"elementor-widget-container\">\n\t\t\t\t\t\t\t<p>Educa\u021bia juridic\u0103 este o necesitate deoarece ii \u00eenva\u021b\u0103 pe copii \u0219i tineri, s\u0103 \u00een\u021beleag\u0103 structura societ\u0103\u021bii \u0219i rolul lor \u00een ea. Aceast\u0103 necesitate este confirmat\u0103 \u0219i de existen\u021ba unui protocol de parteneriat \u00eencheiat \u00eentre Ministrul Justi\u021biei, Ministerul Educa\u021biei, Consiliul Superior al Magistraturii, \u00cenalta Curte de Casa\u021bie si Justi\u021bie, Parchetul de pe l\u00e2ng\u0103 \u00cenalta Curte de Casa\u021bie si Justi\u021bie si Uniunea Na\u021bional\u0103 a Barourilor din Rom\u00e2nia.<\/p><p>\u00cen protocol, se reafirm\u0103 <strong>\u201e<em>nevoia de promovare a educa\u021biei juridice \u00een vederea cre\u0219terii gradului de accesibilitate a normelor juridice fa\u021b\u0103 de destinatarii acestora, \u00een special fa\u021b\u0103 de noile genera\u021bii, prin cre\u0219terea gradului de informare a copiilor\/tinerilor cu privire la modalit\u0103\u021bile de ap\u0103rare a drepturilor lor \u0219i respectarea obliga\u021biilor ce le revin \u0219i de \u00eent\u0103rirea capacit\u0103\u021bii destinatarilor proiectului de a identifica situa\u021biile \u00een care drepturile le sunt \u00eenc\u0103lcate \u0219i care sunt mecanismele relevante de protec\u021bie a acestor drepturi<\/em>\u201d<\/strong>.<\/p><p>\u00cen plus, este de asemenea men\u021bionat\u0103 abordarea pragmatic\u0103 a respectului fa\u021b\u0103 de lege.<\/p>\t\t\t\t\t\t<\/div>\n\t\t\t\t<\/div>\n\t\t\t\t<div class=\"elementor-element elementor-element-98ca252 elementor-widget elementor-widget-text-editor\" data-id=\"98ca252\" data-element_type=\"widget\" data-widget_type=\"text-editor.default\">\n\t\t\t\t<div class=\"elementor-widget-container\">\n\t\t\t\t\t\t\t<p>Principalele obiective ale proiectului JUSTkids sunt organizarea a 7 ateliere de educa\u021bie juridic\u0103 \u0219i a unei mese rotunde, care s\u0103 motiveze elevii sa creeze proiecte care s\u0103 genereze solu\u021bii creative pentru cunoa\u0219terea drepturilor \u0219i responsabilit\u0103\u021bilor.<br \/>Proiectul adreseaz\u0103 provoc\u0103rile mai sus men\u021bionate, prin crearea unor instrumente interactive si motivarea elevilor prin sesiuni de lucru \u00een echipe.<\/p><p><strong>Beneficiarii:<\/strong> 80 de elevi ai claselor gimnaziale.<\/p><p><strong>Parteneri:<\/strong> \u0218coala Gimnazial\u0103 Nr 14, Sf\u00e2ntul Bartolomeu, Bra\u0219ov \u0219i \u0218coala Interna\u021bional\u0103 Prems.<\/p><p>Proiect finan\u021bat de Municipiul Bra\u0219ov \u0219i Funda\u021bia KidsRights. <br \/>Con\u021binutul acestui proiect nu reflect\u0103 neap\u0103rat pozi\u021bia Municipiului Bra\u0219ov \u0219i nu implic\u0103 nici o responsabilitate din partea acestuia.<\/p>\t\t\t\t\t\t<\/div>\n\t\t\t\t<\/div>\n\t\t\t\t\t<\/div>\n\t\t\t\t<\/div>\n\t\t<div class=\"elementor-element elementor-element-5df34b46 e-con-full e-flex e-con e-parent\" data-id=\"5df34b46\" data-element_type=\"container\">\n\t\t\t\t<div class=\"elementor-element elementor-element-3b6ac1f1 elementor-widget elementor-widget-careox-call-to-action\" data-id=\"3b6ac1f1\" data-element_type=\"widget\" data-widget_type=\"careox-call-to-action.default\">\n\t\t\t\t<div class=\"elementor-widget-container\">\n\t\t\t\t<section class=\"cta-two\">\r\n\t\t<div class=\"cta-two__shape\" style=\"background-image: url(https:\/\/tvd.ro\/eurocarta\/wp-content\/uploads\/2024\/06\/cta-2-shape-1.png);\"><\/div>\r\n\t\t<div class=\"container\">\r\n\t\t\t<div class=\"row\">\r\n\t\t\t\t<div class=\"col-md-7\">\r\n\t\t\t\t\t\t\t\t\t\t\t<div class=\"sec-title text-left\">\r\n\t\t\t\t\t\t\t\t\t\t\t\t\t\t\t<h6 class=\"sec-title__tagline bw-split-in-right\"><span class=\"sec-title__tagline__border\"><\/span>VOLUNTARIAT<\/h6><!-- \/.sec-title__tagline -->\r\n\t\t\t\t\t\t\t\t\t\t\t\t\t\t\t\t\t\t\t\t\t\t<h3 class=\"sec-title__title bw-split-in-left\">Let\u2019s Make a Difference<\/h3><!-- \/.sec-title__title -->\r\n\t\t\t\t\t\t\t\t\t\t\t\t\t<\/div><!-- \/.sec-title -->\r\n\t\t\t\t\t\t\t\t\t<\/div>\r\n\t\t\t\t<div class=\"col-md-5\">\r\n\t\t\t\t\t<div class=\"cta-two__button\">\r\n\t\t\t\t\t\t<img decoding=\"async\" src=\"https:\/\/tvd.ro\/eurocarta\/wp-content\/uploads\/2024\/06\/arrow-1.png\" alt=\"alt\" title=\"arrow-1\" >\t\t\t\t\t\t\t\t\t\t\t\t\t<a href=\"https:\/\/tvd.ro\/eurocarta\/become-a-volunteer\/\"  class=\"careox-btn\"><span>Hai \u00een echipa noastr\u0103!<\/span><\/a>\r\n\t\t\t\t\t\t\t\t\t\t\t<\/div>\r\n\t\t\t\t<\/div>\r\n\t\t\t<\/div>\r\n\t\t<\/div><!-- \/.container -->\r\n\t<\/section><!-- \/.cta-two -->\r\n\t\t<\/div>\n\t\t\t\t<\/div>\n\t\t\t\t<\/div>\n\t\t\t\t<\/div>\n\t\t","protected":false},"excerpt":{"rendered":"<p>JUSTkids Proiectul de educa\u021bie juridic\u0103 &#8211; JUSTkids se adreseaz\u0103 tinerilor cu v\u00e2rste cuprinse \u00eentre 10-18 ani, din Municipiul Bra\u0219ov. Educa\u021bia juridic\u0103 reprezint\u0103 o component\u0103 important\u0103 a \u00eenv\u0103\u021b\u0103m\u00e2ntului. Aceasta acoper\u0103 subiecte precum drepturile civile, penale \u0219i constitu\u021bionale, procesele judiciare \u0219i responsabilit\u0103\u021bile cet\u0103\u021bene\u0219ti. Educa\u021bia juridic\u0103 este o necesitate deoarece ii \u00eenva\u021b\u0103 pe copii \u0219i tineri, s\u0103 \u00een\u021beleag\u0103 [&hellip;]<\/p>\n","protected":false},"author":1,"featured_media":0,"parent":0,"menu_order":0,"comment_status":"closed","ping_status":"closed","template":"elementor_header_footer","meta":{"inline_featured_image":false,"footnotes":""},"class_list":["post-2190","page","type-page","status-publish","hentry"],"_links":{"self":[{"href":"https:\/\/tvd.ro\/eurocarta\/wp-json\/wp\/v2\/pages\/2190","targetHints":{"allow":["GET"]}}],"collection":[{"href":"https:\/\/tvd.ro\/eurocarta\/wp-json\/wp\/v2\/pages"}],"about":[{"href":"https:\/\/tvd.ro\/eurocarta\/wp-json\/wp\/v2\/types\/page"}],"author":[{"embeddable":true,"href":"https:\/\/tvd.ro\/eurocarta\/wp-json\/wp\/v2\/users\/1"}],"replies":[{"embeddable":true,"href":"https:\/\/tvd.ro\/eurocarta\/wp-json\/wp\/v2\/comments?post=2190"}],"version-history":[{"count":10,"href":"https:\/\/tvd.ro\/eurocarta\/wp-json\/wp\/v2\/pages\/2190\/revisions"}],"predecessor-version":[{"id":2298,"href":"https:\/\/tvd.ro\/eurocarta\/wp-json\/wp\/v2\/pages\/2190\/revisions\/2298"}],"wp:attachment":[{"href":"https:\/\/tvd.ro\/eurocarta\/wp-json\/wp\/v2\/media?parent=2190"}],"curies":[{"name":"wp","href":"https:\/\/api.w.org\/{rel}","templated":true}]}}